{"id":25,"date":"2025-05-01T17:40:46","date_gmt":"2025-05-01T17:40:46","guid":{"rendered":"https:\/\/ladimoragh.it\/?page_id=25"},"modified":"2025-05-19T23:59:33","modified_gmt":"2025-05-19T23:59:33","slug":"scopri-roma","status":"publish","type":"page","link":"https:\/\/ladimoragh.it\/en\/scopri-roma\/","title":{"rendered":"Discover Rome"},"content":{"rendered":"<div data-elementor-type=\"wp-page\" data-elementor-id=\"25\" class=\"elementor elementor-25\" data-elementor-post-type=\"page\">\n\t\t\t\t<div class=\"elementor-element elementor-element-5b96379 e-con-full e-flex e-con e-parent\" data-id=\"5b96379\" data-element_type=\"container\">\n\t\t\t\t<div class=\"elementor-element elementor-element-74cad5c elementor-widget elementor-widget-template\" data-id=\"74cad5c\" data-element_type=\"widget\" data-widget_type=\"template.default\">\n\t\t\t\t<div class=\"elementor-widget-container\">\n\t\t\t\t\t\t\t<div class=\"elementor-template\">\n\t\t\t\t\t<div data-elementor-type=\"container\" data-elementor-id=\"152\" class=\"elementor elementor-152\" data-elementor-post-type=\"elementor_library\">\n\t\t\t\t<div class=\"elementor-element elementor-element-62c1ab6 e-con-full e-flex e-con e-parent\" data-id=\"62c1ab6\" data-element_type=\"container\" data-settings=\"{&quot;background_background&quot;:&quot;classic&quot;}\">\n\t\t\t\t<\/div>\n\t\t\t\t<\/div>\n\t\t\t\t<\/div>\n\t\t\t\t\t\t<\/div>\n\t\t\t\t<\/div>\n\t\t\t\t<\/div>\n\t\t<div class=\"elementor-element elementor-element-b3ddd85 e-flex e-con-boxed e-con e-parent\" data-id=\"b3ddd85\" data-element_type=\"container\">\n\t\t\t\t\t<div class=\"e-con-inner\">\n\t\t<div class=\"elementor-element elementor-element-cd573fb e-con-full e-flex e-con e-child\" data-id=\"cd573fb\" data-element_type=\"container\">\n\t\t\t\t<div class=\"elementor-element elementor-element-b7aa563 elementor-widget elementor-widget-heading\" data-id=\"b7aa563\" data-element_type=\"widget\" data-widget_type=\"heading.default\">\n\t\t\t\t<div class=\"elementor-widget-container\">\n\t\t\t\t\t<h2 class=\"elementor-heading-title elementor-size-default\">St. Peter's Basilica<\/h2>\t\t\t\t<\/div>\n\t\t\t\t<\/div>\n\t\t\t\t<div class=\"elementor-element elementor-element-889b055 elementor-widget elementor-widget-text-editor\" data-id=\"889b055\" data-element_type=\"widget\" data-widget_type=\"text-editor.default\">\n\t\t\t\t<div class=\"elementor-widget-container\">\n\t\t\t\t\t\t\t\t\t<p class=\"body-large\" dir=\"auto\" data-pm-slice=\"1 1 []\">Among the most famous wonders of the Renaissance, the <strong>St. Peter&#039;s Basilica<\/strong> It is one of the largest and most fascinating churches in the world. Its construction lasted over 120 years and saw the work of great masters such as <strong>Michelangelo<\/strong> And <strong>Bernini<\/strong>.<\/p><p class=\"body\" dir=\"auto\">According to tradition, right under the main altar is the <strong>tomb of St. Peter<\/strong>, apostle and first Pope. Today it is the heart of the Vatican, where the Pope celebrates some of the most important functions of the year, often in front of <strong>up to 80,000 faithful<\/strong>.<\/p><p class=\"body\" dir=\"auto\">Don&#039;t miss the climb to the dome: <strong>elevator to the roof<\/strong>, then 323 steps to reach the top and enjoy a breathtaking view of Rome.<\/p>\t\t\t\t\t\t\t\t<\/div>\n\t\t\t\t<\/div>\n\t\t\t\t<div class=\"elementor-element elementor-element-d36652b elementor-align-center elementor-widget elementor-widget-button\" data-id=\"d36652b\" data-element_type=\"widget\" data-widget_type=\"button.default\">\n\t\t\t\t<div class=\"elementor-widget-container\">\n\t\t\t\t\t\t\t\t\t<div class=\"elementor-button-wrapper\">\n\t\t\t\t\t<a class=\"elementor-button elementor-button-link elementor-size-sm elementor-animation-shrink\" href=\"https:\/\/www.tiqets.com\/it\/basilica-di-san-pietro-biglietti-l144143\/?partner=ladimora&#038;tq_campaign=la_dimora\">\n\t\t\t\t\t\t<span class=\"elementor-button-content-wrapper\">\n\t\t\t\t\t\t\t\t\t<span class=\"elementor-button-text\">Tickets available<\/span>\n\t\t\t\t\t<\/span>\n\t\t\t\t\t<\/a>\n\t\t\t\t<\/div>\n\t\t\t\t\t\t\t\t<\/div>\n\t\t\t\t<\/div>\n\t\t\t\t<\/div>\n\t\t<div class=\"elementor-element elementor-element-1514a6d e-con-full e-flex e-con e-child\" data-id=\"1514a6d\" data-element_type=\"container\">\n\t\t<div class=\"elementor-element elementor-element-986cf63 e-con-full e-flex e-con e-child\" data-id=\"986cf63\" data-element_type=\"container\">\n\t\t\t\t<div class=\"elementor-element elementor-element-a8590da elementor-widget elementor-widget-image\" data-id=\"a8590da\" data-element_type=\"widget\" data-widget_type=\"image.default\">\n\t\t\t\t<div class=\"elementor-widget-container\">\n\t\t\t\t\t\t\t\t\t\t\t\t\t\t\t<img fetchpriority=\"high\" decoding=\"async\" width=\"2560\" height=\"1075\" src=\"https:\/\/ladimoragh.it\/wp-content\/uploads\/2025\/05\/pexels-josh-hild-1270765-2422251-scaled.jpg\" class=\"attachment-full size-full wp-image-249\" alt=\"\" srcset=\"https:\/\/ladimoragh.it\/wp-content\/uploads\/2025\/05\/pexels-josh-hild-1270765-2422251-scaled.jpg 2560w, https:\/\/ladimoragh.it\/wp-content\/uploads\/2025\/05\/pexels-josh-hild-1270765-2422251-300x126.jpg 300w, https:\/\/ladimoragh.it\/wp-content\/uploads\/2025\/05\/pexels-josh-hild-1270765-2422251-1024x430.jpg 1024w, https:\/\/ladimoragh.it\/wp-content\/uploads\/2025\/05\/pexels-josh-hild-1270765-2422251-768x322.jpg 768w, https:\/\/ladimoragh.it\/wp-content\/uploads\/2025\/05\/pexels-josh-hild-1270765-2422251-1536x645.jpg 1536w, https:\/\/ladimoragh.it\/wp-content\/uploads\/2025\/05\/pexels-josh-hild-1270765-2422251-2048x860.jpg 2048w, https:\/\/ladimoragh.it\/wp-content\/uploads\/2025\/05\/pexels-josh-hild-1270765-2422251-18x8.jpg 18w\" sizes=\"(max-width: 2560px) 100vw, 2560px\" \/>\t\t\t\t\t\t\t\t\t\t\t\t\t\t\t<\/div>\n\t\t\t\t<\/div>\n\t\t\t\t<\/div>\n\t\t<div class=\"elementor-element elementor-element-c5153d0 e-con-full e-flex e-con e-child\" data-id=\"c5153d0\" data-element_type=\"container\">\n\t\t\t\t<div class=\"elementor-element elementor-element-550d30e elementor-widget elementor-widget-image\" data-id=\"550d30e\" data-element_type=\"widget\" data-widget_type=\"image.default\">\n\t\t\t\t<div class=\"elementor-widget-container\">\n\t\t\t\t\t\t\t\t\t\t\t\t\t\t\t<img decoding=\"async\" width=\"800\" height=\"336\" src=\"https:\/\/ladimoragh.it\/wp-content\/uploads\/2025\/05\/pexels-josh-hild-1270765-2422251-1024x430.jpg\" class=\"attachment-large size-large wp-image-249\" alt=\"\" srcset=\"https:\/\/ladimoragh.it\/wp-content\/uploads\/2025\/05\/pexels-josh-hild-1270765-2422251-1024x430.jpg 1024w, https:\/\/ladimoragh.it\/wp-content\/uploads\/2025\/05\/pexels-josh-hild-1270765-2422251-300x126.jpg 300w, https:\/\/ladimoragh.it\/wp-content\/uploads\/2025\/05\/pexels-josh-hild-1270765-2422251-768x322.jpg 768w, https:\/\/ladimoragh.it\/wp-content\/uploads\/2025\/05\/pexels-josh-hild-1270765-2422251-1536x645.jpg 1536w, https:\/\/ladimoragh.it\/wp-content\/uploads\/2025\/05\/pexels-josh-hild-1270765-2422251-2048x860.jpg 2048w, https:\/\/ladimoragh.it\/wp-content\/uploads\/2025\/05\/pexels-josh-hild-1270765-2422251-18x8.jpg 18w\" sizes=\"(max-width: 800px) 100vw, 800px\" \/>\t\t\t\t\t\t\t\t\t\t\t\t\t\t\t<\/div>\n\t\t\t\t<\/div>\n\t\t\t\t<div class=\"elementor-element elementor-element-7d18c8f elementor-widget elementor-widget-image\" data-id=\"7d18c8f\" data-element_type=\"widget\" data-widget_type=\"image.default\">\n\t\t\t\t<div class=\"elementor-widget-container\">\n\t\t\t\t\t\t\t\t\t\t\t\t\t\t\t<img decoding=\"async\" width=\"800\" height=\"336\" src=\"https:\/\/ladimoragh.it\/wp-content\/uploads\/2025\/05\/pexels-josh-hild-1270765-2422251-1024x430.jpg\" class=\"attachment-large size-large wp-image-249\" alt=\"\" srcset=\"https:\/\/ladimoragh.it\/wp-content\/uploads\/2025\/05\/pexels-josh-hild-1270765-2422251-1024x430.jpg 1024w, https:\/\/ladimoragh.it\/wp-content\/uploads\/2025\/05\/pexels-josh-hild-1270765-2422251-300x126.jpg 300w, https:\/\/ladimoragh.it\/wp-content\/uploads\/2025\/05\/pexels-josh-hild-1270765-2422251-768x322.jpg 768w, https:\/\/ladimoragh.it\/wp-content\/uploads\/2025\/05\/pexels-josh-hild-1270765-2422251-1536x645.jpg 1536w, https:\/\/ladimoragh.it\/wp-content\/uploads\/2025\/05\/pexels-josh-hild-1270765-2422251-2048x860.jpg 2048w, https:\/\/ladimoragh.it\/wp-content\/uploads\/2025\/05\/pexels-josh-hild-1270765-2422251-18x8.jpg 18w\" sizes=\"(max-width: 800px) 100vw, 800px\" \/>\t\t\t\t\t\t\t\t\t\t\t\t\t\t\t<\/div>\n\t\t\t\t<\/div>\n\t\t\t\t<\/div>\n\t\t\t\t<\/div>\n\t\t\t\t\t<\/div>\n\t\t\t\t<\/div>\n\t\t<div class=\"elementor-element elementor-element-4c14bff e-flex e-con-boxed e-con e-parent\" data-id=\"4c14bff\" data-element_type=\"container\">\n\t\t\t\t\t<div class=\"e-con-inner\">\n\t\t<div class=\"elementor-element elementor-element-4d1b8d1 e-con-full e-flex e-con e-child\" data-id=\"4d1b8d1\" data-element_type=\"container\">\n\t\t<div class=\"elementor-element elementor-element-d76baf8 e-con-full e-flex e-con e-child\" data-id=\"d76baf8\" data-element_type=\"container\">\n\t\t\t\t<div class=\"elementor-element elementor-element-0fd6072 elementor-widget elementor-widget-image\" data-id=\"0fd6072\" data-element_type=\"widget\" data-widget_type=\"image.default\">\n\t\t\t\t<div class=\"elementor-widget-container\">\n\t\t\t\t\t\t\t\t\t\t\t\t\t\t\t<img decoding=\"async\" width=\"2560\" height=\"1120\" src=\"https:\/\/ladimoragh.it\/wp-content\/uploads\/2025\/05\/pexels-davifnr-2064827-scaled.jpg\" class=\"attachment-full size-full wp-image-271\" alt=\"\" srcset=\"https:\/\/ladimoragh.it\/wp-content\/uploads\/2025\/05\/pexels-davifnr-2064827-scaled.jpg 2560w, https:\/\/ladimoragh.it\/wp-content\/uploads\/2025\/05\/pexels-davifnr-2064827-300x131.jpg 300w, https:\/\/ladimoragh.it\/wp-content\/uploads\/2025\/05\/pexels-davifnr-2064827-1024x448.jpg 1024w, https:\/\/ladimoragh.it\/wp-content\/uploads\/2025\/05\/pexels-davifnr-2064827-768x336.jpg 768w, https:\/\/ladimoragh.it\/wp-content\/uploads\/2025\/05\/pexels-davifnr-2064827-1536x672.jpg 1536w, https:\/\/ladimoragh.it\/wp-content\/uploads\/2025\/05\/pexels-davifnr-2064827-2048x896.jpg 2048w, https:\/\/ladimoragh.it\/wp-content\/uploads\/2025\/05\/pexels-davifnr-2064827-18x8.jpg 18w\" sizes=\"(max-width: 2560px) 100vw, 2560px\" \/>\t\t\t\t\t\t\t\t\t\t\t\t\t\t\t<\/div>\n\t\t\t\t<\/div>\n\t\t\t\t<\/div>\n\t\t<div class=\"elementor-element elementor-element-faad704 e-con-full e-flex e-con e-child\" data-id=\"faad704\" data-element_type=\"container\">\n\t\t\t\t<div class=\"elementor-element elementor-element-895a44f elementor-widget elementor-widget-image\" data-id=\"895a44f\" data-element_type=\"widget\" data-widget_type=\"image.default\">\n\t\t\t\t<div class=\"elementor-widget-container\">\n\t\t\t\t\t\t\t\t\t\t\t\t\t\t\t<img loading=\"lazy\" decoding=\"async\" width=\"800\" height=\"350\" src=\"https:\/\/ladimoragh.it\/wp-content\/uploads\/2025\/05\/pexels-davifnr-2064827-1024x448.jpg\" class=\"attachment-large size-large wp-image-271\" alt=\"\" srcset=\"https:\/\/ladimoragh.it\/wp-content\/uploads\/2025\/05\/pexels-davifnr-2064827-1024x448.jpg 1024w, https:\/\/ladimoragh.it\/wp-content\/uploads\/2025\/05\/pexels-davifnr-2064827-300x131.jpg 300w, https:\/\/ladimoragh.it\/wp-content\/uploads\/2025\/05\/pexels-davifnr-2064827-768x336.jpg 768w, https:\/\/ladimoragh.it\/wp-content\/uploads\/2025\/05\/pexels-davifnr-2064827-1536x672.jpg 1536w, https:\/\/ladimoragh.it\/wp-content\/uploads\/2025\/05\/pexels-davifnr-2064827-2048x896.jpg 2048w, https:\/\/ladimoragh.it\/wp-content\/uploads\/2025\/05\/pexels-davifnr-2064827-18x8.jpg 18w\" sizes=\"(max-width: 800px) 100vw, 800px\" \/>\t\t\t\t\t\t\t\t\t\t\t\t\t\t\t<\/div>\n\t\t\t\t<\/div>\n\t\t\t\t<div class=\"elementor-element elementor-element-c517024 elementor-widget elementor-widget-image\" data-id=\"c517024\" data-element_type=\"widget\" data-widget_type=\"image.default\">\n\t\t\t\t<div class=\"elementor-widget-container\">\n\t\t\t\t\t\t\t\t\t\t\t\t\t\t\t<img loading=\"lazy\" decoding=\"async\" width=\"800\" height=\"350\" src=\"https:\/\/ladimoragh.it\/wp-content\/uploads\/2025\/05\/pexels-davifnr-2064827-1024x448.jpg\" class=\"attachment-large size-large wp-image-271\" alt=\"\" srcset=\"https:\/\/ladimoragh.it\/wp-content\/uploads\/2025\/05\/pexels-davifnr-2064827-1024x448.jpg 1024w, https:\/\/ladimoragh.it\/wp-content\/uploads\/2025\/05\/pexels-davifnr-2064827-300x131.jpg 300w, https:\/\/ladimoragh.it\/wp-content\/uploads\/2025\/05\/pexels-davifnr-2064827-768x336.jpg 768w, https:\/\/ladimoragh.it\/wp-content\/uploads\/2025\/05\/pexels-davifnr-2064827-1536x672.jpg 1536w, https:\/\/ladimoragh.it\/wp-content\/uploads\/2025\/05\/pexels-davifnr-2064827-2048x896.jpg 2048w, https:\/\/ladimoragh.it\/wp-content\/uploads\/2025\/05\/pexels-davifnr-2064827-18x8.jpg 18w\" sizes=\"(max-width: 800px) 100vw, 800px\" \/>\t\t\t\t\t\t\t\t\t\t\t\t\t\t\t<\/div>\n\t\t\t\t<\/div>\n\t\t\t\t<\/div>\n\t\t\t\t<\/div>\n\t\t<div class=\"elementor-element elementor-element-3eb953e e-con-full e-flex e-con e-child\" data-id=\"3eb953e\" data-element_type=\"container\">\n\t\t\t\t<div class=\"elementor-element elementor-element-e275892 elementor-widget elementor-widget-heading\" data-id=\"e275892\" data-element_type=\"widget\" data-widget_type=\"heading.default\">\n\t\t\t\t<div class=\"elementor-widget-container\">\n\t\t\t\t\t<h2 class=\"elementor-heading-title elementor-size-default\">Colosseum<\/h2>\t\t\t\t<\/div>\n\t\t\t\t<\/div>\n\t\t\t\t<div class=\"elementor-element elementor-element-98f13c8 elementor-widget elementor-widget-text-editor\" data-id=\"98f13c8\" data-element_type=\"widget\" data-widget_type=\"text-editor.default\">\n\t\t\t\t<div class=\"elementor-widget-container\">\n\t\t\t\t\t\t\t\t\t<p class=\"body-large\" dir=\"auto\" data-pm-slice=\"1 1 []\">Undisputed symbol of the city, the <strong>Colosseum<\/strong> It is the largest amphitheater ever built and one of the marvels of Roman engineering. Commissioned by the emperor <strong>Vespasian<\/strong> in 70 AD and completed under the reign of <strong>Tito<\/strong>, could accommodate up to <strong>50,000 spectators<\/strong>, ready to witness epic fights between gladiators and wild animals.<\/p><p class=\"body\" dir=\"auto\">Built in stone and concrete, its elliptical profile is imposing: <strong>48 meters high<\/strong>, <strong>188 in length<\/strong> And <strong>156 wide<\/strong>. It still leaves you breathless today.<\/p><p class=\"body\" dir=\"auto\">It is one of the most visited attractions in Rome, so be prepared for queues\u2026 or avoid the stress and <strong>Book tickets online in advance<\/strong> or participate in one <strong>guided tour<\/strong> to enter without waiting.<\/p>\t\t\t\t\t\t\t\t<\/div>\n\t\t\t\t<\/div>\n\t\t\t\t<div class=\"elementor-element elementor-element-59c6084 elementor-align-center elementor-widget elementor-widget-button\" data-id=\"59c6084\" data-element_type=\"widget\" data-widget_type=\"button.default\">\n\t\t\t\t<div class=\"elementor-widget-container\">\n\t\t\t\t\t\t\t\t\t<div class=\"elementor-button-wrapper\">\n\t\t\t\t\t<a class=\"elementor-button elementor-button-link elementor-size-sm elementor-animation-shrink\" href=\"https:\/\/www.tiqets.com\/it\/biglietti-colosseo-l145769\/?partner=ladimora&#038;tq_campaign=la_dimora\">\n\t\t\t\t\t\t<span class=\"elementor-button-content-wrapper\">\n\t\t\t\t\t\t\t\t\t<span class=\"elementor-button-text\">Tickets available<\/span>\n\t\t\t\t\t<\/span>\n\t\t\t\t\t<\/a>\n\t\t\t\t<\/div>\n\t\t\t\t\t\t\t\t<\/div>\n\t\t\t\t<\/div>\n\t\t\t\t<\/div>\n\t\t\t\t\t<\/div>\n\t\t\t\t<\/div>\n\t\t\t\t<\/div>","protected":false},"excerpt":{"rendered":"<p>Basilica San Pietro Tra le meraviglie pi\u00f9 celebri del Rinascimento, la Basilica di San Pietro \u00e8 una delle chiese pi\u00f9 grandi e affascinanti al mondo. La sua costruzione dur\u00f2 oltre 120 anni e vide all\u2019opera grandi maestri come Michelangelo e Bernini. Secondo la tradizione, proprio sotto l\u2019altare maggiore si trova la tomba di San Pietro, [&hellip;]<\/p>","protected":false},"author":1,"featured_media":271,"parent":0,"menu_order":0,"comment_status":"closed","ping_status":"closed","template":"","meta":{"_acf_changed":false,"inline_featured_image":false,"footnotes":""},"class_list":["post-25","page","type-page","status-publish","has-post-thumbnail","hentry"],"acf":[],"yoast_head":"<!-- This site is optimized with the Yoast SEO plugin v25.7 - https:\/\/yoast.com\/wordpress\/plugins\/seo\/ -->\n<title>Scopri Roma - La Dimora<\/title>\n<meta name=\"robots\" content=\"index, follow, max-snippet:-1, max-image-preview:large, max-video-preview:-1\" \/>\n<link rel=\"canonical\" href=\"https:\/\/ladimoragh.it\/en\/scopri-roma\/\" \/>\n<meta property=\"og:locale\" content=\"en_GB\" \/>\n<meta property=\"og:type\" content=\"article\" \/>\n<meta property=\"og:title\" content=\"Scopri Roma - La Dimora\" \/>\n<meta property=\"og:description\" content=\"Basilica San Pietro Tra le meraviglie pi\u00f9 celebri del Rinascimento, la Basilica di San Pietro \u00e8 una delle chiese pi\u00f9 grandi e affascinanti al mondo. La sua costruzione dur\u00f2 oltre 120 anni e vide all\u2019opera grandi maestri come Michelangelo e Bernini. Secondo la tradizione, proprio sotto l\u2019altare maggiore si trova la tomba di San Pietro, [&hellip;]\" \/>\n<meta property=\"og:url\" content=\"https:\/\/ladimoragh.it\/en\/scopri-roma\/\" \/>\n<meta property=\"og:site_name\" content=\"La Dimora\" \/>\n<meta property=\"article:modified_time\" content=\"2025-05-19T23:59:33+00:00\" \/>\n<meta property=\"og:image\" content=\"https:\/\/ladimoragh.it\/wp-content\/uploads\/2025\/05\/pexels-davifnr-2064827-scaled.jpg\" \/>\n\t<meta property=\"og:image:width\" content=\"2560\" \/>\n\t<meta property=\"og:image:height\" content=\"1120\" \/>\n\t<meta property=\"og:image:type\" content=\"image\/jpeg\" \/>\n<meta name=\"twitter:card\" content=\"summary_large_image\" \/>\n<meta name=\"twitter:label1\" content=\"Estimated reading time\" \/>\n\t<meta name=\"twitter:data1\" content=\"1 minute\" \/>\n<script type=\"application\/ld+json\" class=\"yoast-schema-graph\">{\"@context\":\"https:\/\/schema.org\",\"@graph\":[{\"@type\":\"WebPage\",\"@id\":\"https:\/\/ladimoragh.it\/scopri-roma\/\",\"url\":\"https:\/\/ladimoragh.it\/scopri-roma\/\",\"name\":\"Scopri Roma - La Dimora\",\"isPartOf\":{\"@id\":\"https:\/\/ladimoragh.it\/#website\"},\"primaryImageOfPage\":{\"@id\":\"https:\/\/ladimoragh.it\/scopri-roma\/#primaryimage\"},\"image\":{\"@id\":\"https:\/\/ladimoragh.it\/scopri-roma\/#primaryimage\"},\"thumbnailUrl\":\"https:\/\/ladimoragh.it\/wp-content\/uploads\/2025\/05\/pexels-davifnr-2064827-scaled.jpg\",\"datePublished\":\"2025-05-01T17:40:46+00:00\",\"dateModified\":\"2025-05-19T23:59:33+00:00\",\"breadcrumb\":{\"@id\":\"https:\/\/ladimoragh.it\/scopri-roma\/#breadcrumb\"},\"inLanguage\":\"en-GB\",\"potentialAction\":[{\"@type\":\"ReadAction\",\"target\":[\"https:\/\/ladimoragh.it\/scopri-roma\/\"]}]},{\"@type\":\"ImageObject\",\"inLanguage\":\"en-GB\",\"@id\":\"https:\/\/ladimoragh.it\/scopri-roma\/#primaryimage\",\"url\":\"https:\/\/ladimoragh.it\/wp-content\/uploads\/2025\/05\/pexels-davifnr-2064827-scaled.jpg\",\"contentUrl\":\"https:\/\/ladimoragh.it\/wp-content\/uploads\/2025\/05\/pexels-davifnr-2064827-scaled.jpg\",\"width\":2560,\"height\":1120},{\"@type\":\"BreadcrumbList\",\"@id\":\"https:\/\/ladimoragh.it\/scopri-roma\/#breadcrumb\",\"itemListElement\":[{\"@type\":\"ListItem\",\"position\":1,\"name\":\"Home\",\"item\":\"https:\/\/ladimoragh.it\/\"},{\"@type\":\"ListItem\",\"position\":2,\"name\":\"Scopri Roma\"}]},{\"@type\":\"WebSite\",\"@id\":\"https:\/\/ladimoragh.it\/#website\",\"url\":\"https:\/\/ladimoragh.it\/\",\"name\":\"La Dimora\",\"description\":\"Casa Vacanze Roma\",\"publisher\":{\"@id\":\"https:\/\/ladimoragh.it\/#organization\"},\"potentialAction\":[{\"@type\":\"SearchAction\",\"target\":{\"@type\":\"EntryPoint\",\"urlTemplate\":\"https:\/\/ladimoragh.it\/?s={search_term_string}\"},\"query-input\":{\"@type\":\"PropertyValueSpecification\",\"valueRequired\":true,\"valueName\":\"search_term_string\"}}],\"inLanguage\":\"en-GB\"},{\"@type\":\"Organization\",\"@id\":\"https:\/\/ladimoragh.it\/#organization\",\"name\":\"La Dimora\",\"url\":\"https:\/\/ladimoragh.it\/\",\"logo\":{\"@type\":\"ImageObject\",\"inLanguage\":\"en-GB\",\"@id\":\"https:\/\/ladimoragh.it\/#\/schema\/logo\/image\/\",\"url\":\"https:\/\/ladimoragh.it\/wp-content\/uploads\/2025\/05\/La-Dimora-Logo.svg\",\"contentUrl\":\"https:\/\/ladimoragh.it\/wp-content\/uploads\/2025\/05\/La-Dimora-Logo.svg\",\"width\":800,\"height\":560,\"caption\":\"La Dimora\"},\"image\":{\"@id\":\"https:\/\/ladimoragh.it\/#\/schema\/logo\/image\/\"},\"sameAs\":[\"https:\/\/www.airbnb.it\/h\/ladimora\",\"https:\/\/www.booking.com\/hotel\/it\/la-dimora-roma.it.html\"]}]}<\/script>\n<!-- \/ Yoast SEO plugin. -->","yoast_head_json":{"title":"Scopri Roma - La Dimora","robots":{"index":"index","follow":"follow","max-snippet":"max-snippet:-1","max-image-preview":"max-image-preview:large","max-video-preview":"max-video-preview:-1"},"canonical":"https:\/\/ladimoragh.it\/en\/scopri-roma\/","og_locale":"en_GB","og_type":"article","og_title":"Scopri Roma - La Dimora","og_description":"Basilica San Pietro Tra le meraviglie pi\u00f9 celebri del Rinascimento, la Basilica di San Pietro \u00e8 una delle chiese pi\u00f9 grandi e affascinanti al mondo. La sua costruzione dur\u00f2 oltre 120 anni e vide all\u2019opera grandi maestri come Michelangelo e Bernini. Secondo la tradizione, proprio sotto l\u2019altare maggiore si trova la tomba di San Pietro, [&hellip;]","og_url":"https:\/\/ladimoragh.it\/en\/scopri-roma\/","og_site_name":"La Dimora","article_modified_time":"2025-05-19T23:59:33+00:00","og_image":[{"width":2560,"height":1120,"url":"https:\/\/ladimoragh.it\/wp-content\/uploads\/2025\/05\/pexels-davifnr-2064827-scaled.jpg","type":"image\/jpeg"}],"twitter_card":"summary_large_image","twitter_misc":{"Estimated reading time":"1 minute"},"schema":{"@context":"https:\/\/schema.org","@graph":[{"@type":"WebPage","@id":"https:\/\/ladimoragh.it\/scopri-roma\/","url":"https:\/\/ladimoragh.it\/scopri-roma\/","name":"Scopri Roma - La Dimora","isPartOf":{"@id":"https:\/\/ladimoragh.it\/#website"},"primaryImageOfPage":{"@id":"https:\/\/ladimoragh.it\/scopri-roma\/#primaryimage"},"image":{"@id":"https:\/\/ladimoragh.it\/scopri-roma\/#primaryimage"},"thumbnailUrl":"https:\/\/ladimoragh.it\/wp-content\/uploads\/2025\/05\/pexels-davifnr-2064827-scaled.jpg","datePublished":"2025-05-01T17:40:46+00:00","dateModified":"2025-05-19T23:59:33+00:00","breadcrumb":{"@id":"https:\/\/ladimoragh.it\/scopri-roma\/#breadcrumb"},"inLanguage":"en-GB","potentialAction":[{"@type":"ReadAction","target":["https:\/\/ladimoragh.it\/scopri-roma\/"]}]},{"@type":"ImageObject","inLanguage":"en-GB","@id":"https:\/\/ladimoragh.it\/scopri-roma\/#primaryimage","url":"https:\/\/ladimoragh.it\/wp-content\/uploads\/2025\/05\/pexels-davifnr-2064827-scaled.jpg","contentUrl":"https:\/\/ladimoragh.it\/wp-content\/uploads\/2025\/05\/pexels-davifnr-2064827-scaled.jpg","width":2560,"height":1120},{"@type":"BreadcrumbList","@id":"https:\/\/ladimoragh.it\/scopri-roma\/#breadcrumb","itemListElement":[{"@type":"ListItem","position":1,"name":"Home","item":"https:\/\/ladimoragh.it\/"},{"@type":"ListItem","position":2,"name":"Scopri Roma"}]},{"@type":"WebSite","@id":"https:\/\/ladimoragh.it\/#website","url":"https:\/\/ladimoragh.it\/","name":"The Residence","description":"Casa Vacanze Roma","publisher":{"@id":"https:\/\/ladimoragh.it\/#organization"},"potentialAction":[{"@type":"SearchAction","target":{"@type":"EntryPoint","urlTemplate":"https:\/\/ladimoragh.it\/?s={search_term_string}"},"query-input":{"@type":"PropertyValueSpecification","valueRequired":true,"valueName":"search_term_string"}}],"inLanguage":"en-GB"},{"@type":"Organization","@id":"https:\/\/ladimoragh.it\/#organization","name":"The Residence","url":"https:\/\/ladimoragh.it\/","logo":{"@type":"ImageObject","inLanguage":"en-GB","@id":"https:\/\/ladimoragh.it\/#\/schema\/logo\/image\/","url":"https:\/\/ladimoragh.it\/wp-content\/uploads\/2025\/05\/La-Dimora-Logo.svg","contentUrl":"https:\/\/ladimoragh.it\/wp-content\/uploads\/2025\/05\/La-Dimora-Logo.svg","width":800,"height":560,"caption":"La Dimora"},"image":{"@id":"https:\/\/ladimoragh.it\/#\/schema\/logo\/image\/"},"sameAs":["https:\/\/www.airbnb.it\/h\/ladimora","https:\/\/www.booking.com\/hotel\/it\/la-dimora-roma.it.html"]}]}},"_links":{"self":[{"href":"https:\/\/ladimoragh.it\/en\/wp-json\/wp\/v2\/pages\/25","targetHints":{"allow":["GET"]}}],"collection":[{"href":"https:\/\/ladimoragh.it\/en\/wp-json\/wp\/v2\/pages"}],"about":[{"href":"https:\/\/ladimoragh.it\/en\/wp-json\/wp\/v2\/types\/page"}],"author":[{"embeddable":true,"href":"https:\/\/ladimoragh.it\/en\/wp-json\/wp\/v2\/users\/1"}],"replies":[{"embeddable":true,"href":"https:\/\/ladimoragh.it\/en\/wp-json\/wp\/v2\/comments?post=25"}],"version-history":[{"count":0,"href":"https:\/\/ladimoragh.it\/en\/wp-json\/wp\/v2\/pages\/25\/revisions"}],"wp:featuredmedia":[{"embeddable":true,"href":"https:\/\/ladimoragh.it\/en\/wp-json\/wp\/v2\/media\/271"}],"wp:attachment":[{"href":"https:\/\/ladimoragh.it\/en\/wp-json\/wp\/v2\/media?parent=25"}],"curies":[{"name":"wp","href":"https:\/\/api.w.org\/{rel}","templated":true}]}}